{"id":231,"date":"2020-06-28T03:06:51","date_gmt":"2020-06-28T08:06:51","guid":{"rendered":"http:\/\/globalskysim.com\/?page_id=231"},"modified":"2023-07-23T01:44:57","modified_gmt":"2023-07-23T06:44:57","slug":"terminos-y-condiciones","status":"publish","type":"page","link":"https:\/\/globalskysim.com\/en\/soporte\/terminos-y-condiciones\/","title":{"rendered":""},"content":{"rendered":"<div data-elementor-type=\"wp-page\" data-elementor-id=\"231\" class=\"elementor elementor-231\">\n\t\t\t\t\t\t<section class=\"elementor-section elementor-top-section elementor-element elementor-element-da9203c elementor-section-boxed elementor-section-height-default elementor-section-height-default\" data-id=\"da9203c\" data-element_type=\"section\" data-settings=\"{&quot;background_background&quot;:&quot;classic&quot;}\">\n\t\t\t\t\t\t<div class=\"elementor-container elementor-column-gap-default\">\n\t\t\t\t\t<div class=\"elementor-column elementor-col-100 elementor-top-column elementor-element elementor-element-65c21f1\" data-id=\"65c21f1\" data-element_type=\"column\">\n\t\t\t<div class=\"elementor-widget-wrap elementor-element-populated\">\n\t\t\t\t\t\t<div class=\"elementor-element elementor-element-7ff6238 elementor-widget elementor-widget-heading\" data-id=\"7ff6238\" data-element_type=\"widget\" data-widget_type=\"heading.default\">\n\t\t\t\t<div class=\"elementor-widget-container\">\n\t\t\t\t\t<h2 class=\"elementor-heading-title elementor-size-default\">Terms and Conditions<\/h2>\t\t\t\t<\/div>\n\t\t\t\t<\/div>\n\t\t\t\t\t<\/div>\n\t\t<\/div>\n\t\t\t\t\t<\/div>\n\t\t<\/section>\n\t\t\t\t<section class=\"elementor-section elementor-top-section elementor-element elementor-element-4997fca elementor-section-boxed elementor-section-height-default elementor-section-height-default\" data-id=\"4997fca\" data-element_type=\"section\">\n\t\t\t\t\t\t<div class=\"elementor-container elementor-column-gap-default\">\n\t\t\t\t\t<div class=\"elementor-column elementor-col-100 elementor-top-column elementor-element elementor-element-8783176\" data-id=\"8783176\" data-element_type=\"column\">\n\t\t\t<div class=\"elementor-widget-wrap elementor-element-populated\">\n\t\t\t\t\t\t<div class=\"elementor-element elementor-element-0549cb9 elementor-widget elementor-widget-text-editor\" data-id=\"0549cb9\" data-element_type=\"widget\" data-widget_type=\"text-editor.default\">\n\t\t\t\t<div class=\"elementor-widget-container\">\n\t\t\t\t\t\t\t\t\t<p>La tienda on-line de <strong>GlobalSky Simulation<\/strong> proporciona sus servicios de acuerdo a las siguientes condiciones. Al utilizar nuestro sitio web estas sujeto a estas condiciones.<\/p><p><b>VENTAS<\/b><br \/>Todas las ventas son definitivas \u2013 Ning\u00fan reembolso ser\u00e1 acordado \u2013 Productos descargables no podr\u00e1n ser devueltos o reembolsados salvo disposici\u00f3n en contrario. Cualquier cargo por instalaci\u00f3n, env\u00edo u otro servicio no son reembolsables. El c\u00f3digo de instalaci\u00f3n\/c\u00f3digo serie o c\u00f3digo de registro que te enviamos es un c\u00f3digo personal, otorgado exclusivamente y no puede ser compartido, vendido o traspasado.<\/p><p><b>COPYRIGHT<\/b><br \/>Todo el contenido incluido en esta p\u00e1gina web, tal que texto, gr\u00e1ficos, logos, iconos, botones, im\u00e1genes, sonidos, videos, descargas, compilaciones de datos y programas de ordenador es considerado propiedad de <strong>GlobalSky Simulation<\/strong> y est\u00e1 protegido por las leyes internacionales del copyright.<\/p><p>Los productos creados por <strong>GlobalSky Simulation<\/strong> est\u00e1n protegidos por las leyes de derechos de autor Colombianas, est\u00e1 prohibida cualquier reproducci\u00f3n, modificaci\u00f3n y distribuci\u00f3n por un tercero sin su consentimiento.<\/p><p><b>OPCIONES DE PAGO<\/b><br \/>Nuestra tienda on-line dispone de las \u00faltimas innovaciones de seguridad, nuestras transacciones son 100% seguras. Aceptamos tarjetas de cr\u00e9dito Visa, Master Card, Debito, American Express, PayPal y pagos en efectivo a trav\u00e9s de los convenios de recaudo por ventanilla emitidos por la plataforma de pago.<br \/><strong>GlobalSky Simulation<\/strong> \u00fanicamente utiliza los datos de tu tarjeta de cr\u00e9dito al momento del proceso de compra sin conservarlos o salvarlos.<br \/>Para todas nuestras transacciones utilizamos un sistema de pago reconocido por la industria de tipo Gateway.<br \/>Para asegurar las transacciones realizadas en nuestra tienda on-line, utilizamos el m\u00e9todo est\u00e1ndar internacional SSL (Secure Sockets Layer) el cual es el mas seguro para el env\u00edo de informaci\u00f3n relativa a las tarjetas de cr\u00e9dito en Internet. SSL es compatible con Google Chrome, Internet Explorer, Edge y similares.<\/p><p><b>DESCRIPCIONES DE NUESTROS PRODUCTOS<\/b><br \/>No garantizamos que las descripciones de nuestros productos sean exactas, precisas, completas, confiables o libres de errores.<\/p><p><b>PAGOS Y DIVISA<\/b><strong>S<\/strong><br \/>La divisa base es el Peso Colombiano (COP). Todos los cargos y pagos ser\u00e1n realizados de acuerdo a esta divisa.<br \/>Todas las ventas son definitivas \u2013 Ning\u00fan reembolso ser\u00e1 acordado.<br \/>Productos descargables no son retornables y reembolsables.<\/p>\t\t\t\t\t\t\t\t<\/div>\n\t\t\t\t<\/div>\n\t\t\t\t\t<\/div>\n\t\t<\/div>\n\t\t\t\t\t<\/div>\n\t\t<\/section>\n\t\t\t\t<\/div>","protected":false},"excerpt":{"rendered":"<p>T\u00e9rminos y condiciones La tienda on-line de GlobalSky Simulation proporciona sus servicios de acuerdo a las siguientes condiciones. Al utilizar nuestro sitio web estas sujeto a estas condiciones. VENTAS Todas las ventas son definitivas \u2013 Ning\u00fan reembolso ser\u00e1 acordado \u2013 Productos descargables no podr\u00e1n ser devueltos o reembolsados salvo disposici\u00f3n en contrario. Cualquier cargo por [&hellip;]<\/p>","protected":false},"author":1,"featured_media":0,"parent":126,"menu_order":0,"comment_status":"closed","ping_status":"closed","template":"","meta":{"_et_pb_use_builder":"","_et_pb_old_content":"","_et_gb_content_width":"1080","footnotes":""},"class_list":["post-231","page","type-page","status-publish","hentry"],"yoast_head":"<!-- This site is optimized with the Yoast SEO plugin v25.5 - https:\/\/yoast.com\/wordpress\/plugins\/seo\/ -->\n<title>- GlobalSky Simulation<\/title>\n<meta name=\"robots\" content=\"index, follow, max-snippet:-1, max-image-preview:large, max-video-preview:-1\" \/>\n<link rel=\"canonical\" href=\"https:\/\/globalskysim.com\/en\/soporte\/terminos-y-condiciones\/\" \/>\n<meta property=\"og:locale\" content=\"en_US\" \/>\n<meta property=\"og:type\" content=\"article\" \/>\n<meta property=\"og:title\" content=\"- GlobalSky Simulation\" \/>\n<meta property=\"og:description\" content=\"T\u00e9rminos y condiciones La tienda on-line de GlobalSky Simulation proporciona sus servicios de acuerdo a las siguientes condiciones. Al utilizar nuestro sitio web estas sujeto a estas condiciones. VENTAS Todas las ventas son definitivas \u2013 Ning\u00fan reembolso ser\u00e1 acordado \u2013 Productos descargables no podr\u00e1n ser devueltos o reembolsados salvo disposici\u00f3n en contrario. Cualquier cargo por [&hellip;]\" \/>\n<meta property=\"og:url\" content=\"https:\/\/globalskysim.com\/en\/soporte\/terminos-y-condiciones\/\" \/>\n<meta property=\"og:site_name\" content=\"GlobalSky Simulation\" \/>\n<meta property=\"article:publisher\" content=\"https:\/\/facebook.com\/globalskysim\" \/>\n<meta property=\"article:modified_time\" content=\"2023-07-23T06:44:57+00:00\" \/>\n<meta name=\"twitter:card\" content=\"summary_large_image\" \/>\n<meta name=\"twitter:label1\" content=\"Est. reading time\" \/>\n\t<meta name=\"twitter:data1\" content=\"2 minutes\" \/>\n<script type=\"application\/ld+json\" class=\"yoast-schema-graph\">{\"@context\":\"https:\/\/schema.org\",\"@graph\":[{\"@type\":\"WebPage\",\"@id\":\"https:\/\/globalskysim.com\/soporte\/terminos-y-condiciones\/\",\"url\":\"https:\/\/globalskysim.com\/soporte\/terminos-y-condiciones\/\",\"name\":\"- GlobalSky Simulation\",\"isPartOf\":{\"@id\":\"https:\/\/globalskysim.com\/#website\"},\"datePublished\":\"2020-06-28T08:06:51+00:00\",\"dateModified\":\"2023-07-23T06:44:57+00:00\",\"breadcrumb\":{\"@id\":\"https:\/\/globalskysim.com\/soporte\/terminos-y-condiciones\/#breadcrumb\"},\"inLanguage\":\"en-US\",\"potentialAction\":[{\"@type\":\"ReadAction\",\"target\":[\"https:\/\/globalskysim.com\/soporte\/terminos-y-condiciones\/\"]}]},{\"@type\":\"BreadcrumbList\",\"@id\":\"https:\/\/globalskysim.com\/soporte\/terminos-y-condiciones\/#breadcrumb\",\"itemListElement\":[{\"@type\":\"ListItem\",\"position\":1,\"name\":\"Home\",\"item\":\"https:\/\/globalskysim.com\/\"},{\"@type\":\"ListItem\",\"position\":2,\"name\":\"Soporte\",\"item\":\"https:\/\/globalskysim.com\/soporte\/\"}]},{\"@type\":\"WebSite\",\"@id\":\"https:\/\/globalskysim.com\/#website\",\"url\":\"https:\/\/globalskysim.com\/\",\"name\":\"GlobalSky Simulation\",\"description\":\"\u00bfBusca mejorar su experiencia en simuladores de vuelo? No busque m\u00e1s, ofrecemos soluciones elaboradas con altos estandares de calidad para plataformas populares como X-PLANE, Microsoft Flight Simulator y Lockheed Martin Prepar3D.\",\"publisher\":{\"@id\":\"https:\/\/globalskysim.com\/#organization\"},\"potentialAction\":[{\"@type\":\"SearchAction\",\"target\":{\"@type\":\"EntryPoint\",\"urlTemplate\":\"https:\/\/globalskysim.com\/?s={search_term_string}\"},\"query-input\":{\"@type\":\"PropertyValueSpecification\",\"valueRequired\":true,\"valueName\":\"search_term_string\"}}],\"inLanguage\":\"en-US\"},{\"@type\":\"Organization\",\"@id\":\"https:\/\/globalskysim.com\/#organization\",\"name\":\"GlobalSky Simulation\",\"url\":\"https:\/\/globalskysim.com\/\",\"logo\":{\"@type\":\"ImageObject\",\"inLanguage\":\"en-US\",\"@id\":\"https:\/\/globalskysim.com\/#\/schema\/logo\/image\/\",\"url\":\"https:\/\/globalskysim.com\/wp-content\/uploads\/2023\/07\/logo4.png\",\"contentUrl\":\"https:\/\/globalskysim.com\/wp-content\/uploads\/2023\/07\/logo4.png\",\"width\":3484,\"height\":1290,\"caption\":\"GlobalSky Simulation\"},\"image\":{\"@id\":\"https:\/\/globalskysim.com\/#\/schema\/logo\/image\/\"},\"sameAs\":[\"https:\/\/facebook.com\/globalskysim\",\"https:\/\/instagram.com\/globalskysim\",\"https:\/\/www.youtube.com\/channel\/UCFH8_iSkJSyi_PF_8NqKLZw\"]}]}<\/script>\n<!-- \/ Yoast SEO plugin. -->","yoast_head_json":{"title":"- GlobalSky Simulation","robots":{"index":"index","follow":"follow","max-snippet":"max-snippet:-1","max-image-preview":"max-image-preview:large","max-video-preview":"max-video-preview:-1"},"canonical":"https:\/\/globalskysim.com\/en\/soporte\/terminos-y-condiciones\/","og_locale":"en_US","og_type":"article","og_title":"- GlobalSky Simulation","og_description":"T\u00e9rminos y condiciones La tienda on-line de GlobalSky Simulation proporciona sus servicios de acuerdo a las siguientes condiciones. Al utilizar nuestro sitio web estas sujeto a estas condiciones. VENTAS Todas las ventas son definitivas \u2013 Ning\u00fan reembolso ser\u00e1 acordado \u2013 Productos descargables no podr\u00e1n ser devueltos o reembolsados salvo disposici\u00f3n en contrario. Cualquier cargo por [&hellip;]","og_url":"https:\/\/globalskysim.com\/en\/soporte\/terminos-y-condiciones\/","og_site_name":"GlobalSky Simulation","article_publisher":"https:\/\/facebook.com\/globalskysim","article_modified_time":"2023-07-23T06:44:57+00:00","twitter_card":"summary_large_image","twitter_misc":{"Est. reading time":"2 minutes"},"schema":{"@context":"https:\/\/schema.org","@graph":[{"@type":"WebPage","@id":"https:\/\/globalskysim.com\/soporte\/terminos-y-condiciones\/","url":"https:\/\/globalskysim.com\/soporte\/terminos-y-condiciones\/","name":"- GlobalSky Simulation","isPartOf":{"@id":"https:\/\/globalskysim.com\/#website"},"datePublished":"2020-06-28T08:06:51+00:00","dateModified":"2023-07-23T06:44:57+00:00","breadcrumb":{"@id":"https:\/\/globalskysim.com\/soporte\/terminos-y-condiciones\/#breadcrumb"},"inLanguage":"en-US","potentialAction":[{"@type":"ReadAction","target":["https:\/\/globalskysim.com\/soporte\/terminos-y-condiciones\/"]}]},{"@type":"BreadcrumbList","@id":"https:\/\/globalskysim.com\/soporte\/terminos-y-condiciones\/#breadcrumb","itemListElement":[{"@type":"ListItem","position":1,"name":"Home","item":"https:\/\/globalskysim.com\/"},{"@type":"ListItem","position":2,"name":"Soporte","item":"https:\/\/globalskysim.com\/soporte\/"}]},{"@type":"WebSite","@id":"https:\/\/globalskysim.com\/#website","url":"https:\/\/globalskysim.com\/","name":"GlobalSky Simulation","description":"Looking to enhance your flight simulator experience? Look no further, we offer solutions built with high quality standards for popular platforms such as X-PLANE, Microsoft Flight Simulator and Lockheed Martin Prepar3D.","publisher":{"@id":"https:\/\/globalskysim.com\/#organization"},"potentialAction":[{"@type":"SearchAction","target":{"@type":"EntryPoint","urlTemplate":"https:\/\/globalskysim.com\/?s={search_term_string}"},"query-input":{"@type":"PropertyValueSpecification","valueRequired":true,"valueName":"search_term_string"}}],"inLanguage":"en-US"},{"@type":"Organization","@id":"https:\/\/globalskysim.com\/#organization","name":"GlobalSky Simulation","url":"https:\/\/globalskysim.com\/","logo":{"@type":"ImageObject","inLanguage":"en-US","@id":"https:\/\/globalskysim.com\/#\/schema\/logo\/image\/","url":"https:\/\/globalskysim.com\/wp-content\/uploads\/2023\/07\/logo4.png","contentUrl":"https:\/\/globalskysim.com\/wp-content\/uploads\/2023\/07\/logo4.png","width":3484,"height":1290,"caption":"GlobalSky Simulation"},"image":{"@id":"https:\/\/globalskysim.com\/#\/schema\/logo\/image\/"},"sameAs":["https:\/\/facebook.com\/globalskysim","https:\/\/instagram.com\/globalskysim","https:\/\/www.youtube.com\/channel\/UCFH8_iSkJSyi_PF_8NqKLZw"]}]}},"_links":{"self":[{"href":"https:\/\/globalskysim.com\/en\/wp-json\/wp\/v2\/pages\/231"}],"collection":[{"href":"https:\/\/globalskysim.com\/en\/wp-json\/wp\/v2\/pages"}],"about":[{"href":"https:\/\/globalskysim.com\/en\/wp-json\/wp\/v2\/types\/page"}],"author":[{"embeddable":true,"href":"https:\/\/globalskysim.com\/en\/wp-json\/wp\/v2\/users\/1"}],"replies":[{"embeddable":true,"href":"https:\/\/globalskysim.com\/en\/wp-json\/wp\/v2\/comments?post=231"}],"version-history":[{"count":13,"href":"https:\/\/globalskysim.com\/en\/wp-json\/wp\/v2\/pages\/231\/revisions"}],"predecessor-version":[{"id":1951,"href":"https:\/\/globalskysim.com\/en\/wp-json\/wp\/v2\/pages\/231\/revisions\/1951"}],"up":[{"embeddable":true,"href":"https:\/\/globalskysim.com\/en\/wp-json\/wp\/v2\/pages\/126"}],"wp:attachment":[{"href":"https:\/\/globalskysim.com\/en\/wp-json\/wp\/v2\/media?parent=231"}],"curies":[{"name":"wp","href":"https:\/\/api.w.org\/{rel}","templated":true}]}}