{"id":356,"date":"2020-07-06T07:21:52","date_gmt":"2020-07-06T12:21:52","guid":{"rendered":"http:\/\/globalskysim.com\/?page_id=356"},"modified":"2023-08-24T02:58:47","modified_gmt":"2023-08-24T07:58:47","slug":"faq","status":"publish","type":"page","link":"https:\/\/globalskysim.com\/en\/faq\/","title":{"rendered":""},"content":{"rendered":"<h4>FAQ<\/h4>\n<h5><\/h5>\n<h5 data-elementor-setting-key=\"title\" data-pen-placeholder=\"Teclea aqu\u00ed...\" style=\"font-style: normal; color: rgb(7, 16, 60);\">Frequent questions<\/h5>\n<p><a tabindex=\"0\">\u00bf C\u00f3mo puedo adquirir sus productos ?<\/a><\/p>\n<p>Selecciona los productos que deseas adquirir, luego procede a realizar el pago mediante MercadoPago o transferencia v\u00eda PayPal, Nequi y Bancolombia.<\/p>\n<p><a tabindex=\"0\">\u00bf C\u00f3mo recibo el producto adquirido ?<\/a><\/p>\n<p>Posterior a la verificaci\u00f3n del pago recibir\u00e1s un enlace de descarga y un c\u00f3digo \u00fanico.<\/p>\n<p><a tabindex=\"0\">\u00bf C\u00f3mo se instala el producto ?<\/a><\/p>\n<p>Las instrucciones de instalaci\u00f3n las encontraremos SIEMPRE dentro de cada archivo que descarguemos de GlobalSky Simulation.<\/p>\n<p><a tabindex=\"0\">\u00bf Brindan soporte una vez adquirido el producto ?<\/a><\/p>\n<p>Es correcto, estaremos dispuestos a ayudarte en la instalaci\u00f3n y configuraci\u00f3n de nuestros productos y resolveremos todas las dudas que tengas acerca de su funcionamiento una vez instalados.<\/p>\n<p><a tabindex=\"0\">\u00bf C\u00f3mo puedo contactarlos si tengo preguntas adicionales ?<\/a><\/p>\n<p>Si tienes preguntas o dudas puedes escribirnos a: soporte@globalskysim.com y a nuestra pagina de facebook: www.facebook.com\/globalskysim<\/p>","protected":false},"excerpt":{"rendered":"<p>FAQ Preguntas Frecuentes \u00bf C\u00f3mo puedo adquirir sus productos ? Selecciona los productos que deseas adquirir, luego procede a realizar el pago mediante MercadoPago o transferencia v\u00eda PayPal, Nequi y Bancolombia. \u00bf C\u00f3mo recibo el producto adquirido ? Posterior a la verificaci\u00f3n del pago recibir\u00e1s un enlace de descarga y un c\u00f3digo \u00fanico. \u00bf C\u00f3mo [&hellip;]<\/p>","protected":false},"author":1,"featured_media":0,"parent":0,"menu_order":0,"comment_status":"closed","ping_status":"closed","template":"","meta":{"_et_pb_use_builder":"","_et_pb_old_content":"","_et_gb_content_width":"1080","footnotes":""},"class_list":["post-356","page","type-page","status-publish","hentry"],"yoast_head":"<!-- This site is optimized with the Yoast SEO plugin v25.5 - https:\/\/yoast.com\/wordpress\/plugins\/seo\/ -->\n<title>- GlobalSky Simulation<\/title>\n<meta name=\"robots\" content=\"index, follow, max-snippet:-1, max-image-preview:large, max-video-preview:-1\" \/>\n<link rel=\"canonical\" href=\"https:\/\/globalskysim.com\/en\/faq\/\" \/>\n<meta property=\"og:locale\" content=\"en_US\" \/>\n<meta property=\"og:type\" content=\"article\" \/>\n<meta property=\"og:title\" content=\"- GlobalSky Simulation\" \/>\n<meta property=\"og:description\" content=\"FAQ Preguntas Frecuentes \u00bf C\u00f3mo puedo adquirir sus productos ? Selecciona los productos que deseas adquirir, luego procede a realizar el pago mediante MercadoPago o transferencia v\u00eda PayPal, Nequi y Bancolombia. \u00bf C\u00f3mo recibo el producto adquirido ? Posterior a la verificaci\u00f3n del pago recibir\u00e1s un enlace de descarga y un c\u00f3digo \u00fanico. \u00bf C\u00f3mo [&hellip;]\" \/>\n<meta property=\"og:url\" content=\"https:\/\/globalskysim.com\/en\/faq\/\" \/>\n<meta property=\"og:site_name\" content=\"GlobalSky Simulation\" \/>\n<meta property=\"article:publisher\" content=\"https:\/\/facebook.com\/globalskysim\" \/>\n<meta property=\"article:modified_time\" content=\"2023-08-24T07:58:47+00:00\" \/>\n<meta name=\"twitter:card\" content=\"summary_large_image\" \/>\n<meta name=\"twitter:label1\" content=\"Est. reading time\" \/>\n\t<meta name=\"twitter:data1\" content=\"1 minute\" \/>\n<script type=\"application\/ld+json\" class=\"yoast-schema-graph\">{\"@context\":\"https:\/\/schema.org\",\"@graph\":[{\"@type\":\"WebPage\",\"@id\":\"https:\/\/globalskysim.com\/faq\/\",\"url\":\"https:\/\/globalskysim.com\/faq\/\",\"name\":\"- GlobalSky Simulation\",\"isPartOf\":{\"@id\":\"https:\/\/globalskysim.com\/#website\"},\"datePublished\":\"2020-07-06T12:21:52+00:00\",\"dateModified\":\"2023-08-24T07:58:47+00:00\",\"inLanguage\":\"en-US\",\"potentialAction\":[{\"@type\":\"ReadAction\",\"target\":[\"https:\/\/globalskysim.com\/faq\/\"]}]},{\"@type\":\"WebSite\",\"@id\":\"https:\/\/globalskysim.com\/#website\",\"url\":\"https:\/\/globalskysim.com\/\",\"name\":\"GlobalSky Simulation\",\"description\":\"\u00bfBusca mejorar su experiencia en simuladores de vuelo? No busque m\u00e1s, ofrecemos soluciones elaboradas con altos estandares de calidad para plataformas populares como X-PLANE, Microsoft Flight Simulator y Lockheed Martin Prepar3D.\",\"publisher\":{\"@id\":\"https:\/\/globalskysim.com\/#organization\"},\"potentialAction\":[{\"@type\":\"SearchAction\",\"target\":{\"@type\":\"EntryPoint\",\"urlTemplate\":\"https:\/\/globalskysim.com\/?s={search_term_string}\"},\"query-input\":{\"@type\":\"PropertyValueSpecification\",\"valueRequired\":true,\"valueName\":\"search_term_string\"}}],\"inLanguage\":\"en-US\"},{\"@type\":\"Organization\",\"@id\":\"https:\/\/globalskysim.com\/#organization\",\"name\":\"GlobalSky Simulation\",\"url\":\"https:\/\/globalskysim.com\/\",\"logo\":{\"@type\":\"ImageObject\",\"inLanguage\":\"en-US\",\"@id\":\"https:\/\/globalskysim.com\/#\/schema\/logo\/image\/\",\"url\":\"https:\/\/globalskysim.com\/wp-content\/uploads\/2023\/07\/logo4.png\",\"contentUrl\":\"https:\/\/globalskysim.com\/wp-content\/uploads\/2023\/07\/logo4.png\",\"width\":3484,\"height\":1290,\"caption\":\"GlobalSky Simulation\"},\"image\":{\"@id\":\"https:\/\/globalskysim.com\/#\/schema\/logo\/image\/\"},\"sameAs\":[\"https:\/\/facebook.com\/globalskysim\",\"https:\/\/instagram.com\/globalskysim\",\"https:\/\/www.youtube.com\/channel\/UCFH8_iSkJSyi_PF_8NqKLZw\"]}]}<\/script>\n<!-- \/ Yoast SEO plugin. -->","yoast_head_json":{"title":"- GlobalSky Simulation","robots":{"index":"index","follow":"follow","max-snippet":"max-snippet:-1","max-image-preview":"max-image-preview:large","max-video-preview":"max-video-preview:-1"},"canonical":"https:\/\/globalskysim.com\/en\/faq\/","og_locale":"en_US","og_type":"article","og_title":"- GlobalSky Simulation","og_description":"FAQ Preguntas Frecuentes \u00bf C\u00f3mo puedo adquirir sus productos ? Selecciona los productos que deseas adquirir, luego procede a realizar el pago mediante MercadoPago o transferencia v\u00eda PayPal, Nequi y Bancolombia. \u00bf C\u00f3mo recibo el producto adquirido ? Posterior a la verificaci\u00f3n del pago recibir\u00e1s un enlace de descarga y un c\u00f3digo \u00fanico. \u00bf C\u00f3mo [&hellip;]","og_url":"https:\/\/globalskysim.com\/en\/faq\/","og_site_name":"GlobalSky Simulation","article_publisher":"https:\/\/facebook.com\/globalskysim","article_modified_time":"2023-08-24T07:58:47+00:00","twitter_card":"summary_large_image","twitter_misc":{"Est. reading time":"1 minute"},"schema":{"@context":"https:\/\/schema.org","@graph":[{"@type":"WebPage","@id":"https:\/\/globalskysim.com\/faq\/","url":"https:\/\/globalskysim.com\/faq\/","name":"- GlobalSky Simulation","isPartOf":{"@id":"https:\/\/globalskysim.com\/#website"},"datePublished":"2020-07-06T12:21:52+00:00","dateModified":"2023-08-24T07:58:47+00:00","inLanguage":"en-US","potentialAction":[{"@type":"ReadAction","target":["https:\/\/globalskysim.com\/faq\/"]}]},{"@type":"WebSite","@id":"https:\/\/globalskysim.com\/#website","url":"https:\/\/globalskysim.com\/","name":"GlobalSky Simulation","description":"Looking to enhance your flight simulator experience? Look no further, we offer solutions built with high quality standards for popular platforms such as X-PLANE, Microsoft Flight Simulator and Lockheed Martin Prepar3D.","publisher":{"@id":"https:\/\/globalskysim.com\/#organization"},"potentialAction":[{"@type":"SearchAction","target":{"@type":"EntryPoint","urlTemplate":"https:\/\/globalskysim.com\/?s={search_term_string}"},"query-input":{"@type":"PropertyValueSpecification","valueRequired":true,"valueName":"search_term_string"}}],"inLanguage":"en-US"},{"@type":"Organization","@id":"https:\/\/globalskysim.com\/#organization","name":"GlobalSky Simulation","url":"https:\/\/globalskysim.com\/","logo":{"@type":"ImageObject","inLanguage":"en-US","@id":"https:\/\/globalskysim.com\/#\/schema\/logo\/image\/","url":"https:\/\/globalskysim.com\/wp-content\/uploads\/2023\/07\/logo4.png","contentUrl":"https:\/\/globalskysim.com\/wp-content\/uploads\/2023\/07\/logo4.png","width":3484,"height":1290,"caption":"GlobalSky Simulation"},"image":{"@id":"https:\/\/globalskysim.com\/#\/schema\/logo\/image\/"},"sameAs":["https:\/\/facebook.com\/globalskysim","https:\/\/instagram.com\/globalskysim","https:\/\/www.youtube.com\/channel\/UCFH8_iSkJSyi_PF_8NqKLZw"]}]}},"_links":{"self":[{"href":"https:\/\/globalskysim.com\/en\/wp-json\/wp\/v2\/pages\/356"}],"collection":[{"href":"https:\/\/globalskysim.com\/en\/wp-json\/wp\/v2\/pages"}],"about":[{"href":"https:\/\/globalskysim.com\/en\/wp-json\/wp\/v2\/types\/page"}],"author":[{"embeddable":true,"href":"https:\/\/globalskysim.com\/en\/wp-json\/wp\/v2\/users\/1"}],"replies":[{"embeddable":true,"href":"https:\/\/globalskysim.com\/en\/wp-json\/wp\/v2\/comments?post=356"}],"version-history":[{"count":10,"href":"https:\/\/globalskysim.com\/en\/wp-json\/wp\/v2\/pages\/356\/revisions"}],"predecessor-version":[{"id":1937,"href":"https:\/\/globalskysim.com\/en\/wp-json\/wp\/v2\/pages\/356\/revisions\/1937"}],"wp:attachment":[{"href":"https:\/\/globalskysim.com\/en\/wp-json\/wp\/v2\/media?parent=356"}],"curies":[{"name":"wp","href":"https:\/\/api.w.org\/{rel}","templated":true}]}}