{"id":2769,"date":"2023-10-13T00:25:00","date_gmt":"2023-10-13T05:25:00","guid":{"rendered":"https:\/\/globalskysim.com\/?post_type=product&#038;p=2769"},"modified":"2024-11-15T03:44:39","modified_gmt":"2024-11-15T08:44:39","slug":"skca-capurgana-xplane","status":"publish","type":"product","link":"https:\/\/globalskysim.com\/en\/product\/skca-capurgana-xplane\/","title":{"rendered":"SKCA &#8211; Capurgan\u00e1 &#8211; XPLANE"},"content":{"rendered":"<p>El Aeropuerto de Capurgan\u00e1 &#8211; Narciza Navas (IATA: CPB, ICAO: SKCA) es un peque\u00f1o aeropuerto que da servicio a la ciudad costera de Capurgan\u00e1 en el departamento del Choc\u00f3 en Colombia. No hay carreteras que lleguen a Capurgan\u00e1, por lo que los barcos y aviones son los principales medios de entrada y salida. SKCA es el aeropuerto m\u00e1s dif\u00edcil de Colombia, podr\u00e1s experimentar el desaf\u00edo de aterrizar en esta peque\u00f1a pista, sobrevolando las majestuosas monta\u00f1as y la espesa selva de la frontera colombo-paname\u00f1a.<\/p>","protected":false},"excerpt":{"rendered":"<p>El aeropuerto m\u00e1s dificil de Colombia.<\/p>\n<p>Includes:<\/p>\n<p>-Modelos 3D Realistas y optimizados<br \/>\n-Texturas PBR 2K y 4K<br \/>\n-Paisaje Fotoreal<br \/>\n-Autogen<\/p>\n<p>No incluye: SFD Global (Recomendado)<\/p>","protected":false},"featured_media":2938,"comment_status":"open","ping_status":"closed","template":"","meta":{"_et_pb_use_builder":"","_et_pb_old_content":"","_et_gb_content_width":""},"product_brand":[],"product_cat":[41,40],"product_tag":[39,37,27],"class_list":{"0":"post-2769","1":"product","2":"type-product","3":"status-publish","4":"has-post-thumbnail","6":"product_cat-escenarios-xplane","7":"product_cat-xplane","8":"product_tag-capurgana","9":"product_tag-skca","10":"product_tag-xplane","12":"first","13":"instock","14":"downloadable","15":"shipping-taxable","16":"purchasable","17":"product-type-simple"},"yoast_head":"<!-- This site is optimized with the Yoast SEO plugin v25.5 - https:\/\/yoast.com\/wordpress\/plugins\/seo\/ -->\n<title>SKCA - Capurgan\u00e1 - XPLANE - GlobalSky Simulation<\/title>\n<meta name=\"robots\" content=\"index, follow, max-snippet:-1, max-image-preview:large, max-video-preview:-1\" \/>\n<link rel=\"canonical\" href=\"https:\/\/globalskysim.com\/en\/product\/skca-capurgana-xplane\/\" \/>\n<meta property=\"og:locale\" content=\"en_US\" \/>\n<meta property=\"og:type\" content=\"article\" \/>\n<meta property=\"og:title\" content=\"SKCA - Capurgan\u00e1 - XPLANE - GlobalSky Simulation\" \/>\n<meta property=\"og:description\" content=\"El aeropuerto m\u00e1s dificil de Colombia.  Incluye:  -Modelos 3D Realistas y optimizados -Texturas PBR 2K y 4K -Paisaje Fotoreal -Autogen  No incluye: SFD Global (Recomendado)\" \/>\n<meta property=\"og:url\" content=\"https:\/\/globalskysim.com\/en\/product\/skca-capurgana-xplane\/\" \/>\n<meta property=\"og:site_name\" content=\"GlobalSky Simulation\" \/>\n<meta property=\"article:publisher\" content=\"https:\/\/facebook.com\/globalskysim\" \/>\n<meta property=\"article:modified_time\" content=\"2024-11-15T08:44:39+00:00\" \/>\n<meta property=\"og:image\" content=\"https:\/\/globalskysim.com\/wp-content\/uploads\/2023\/10\/skcax-1.png\" \/>\n\t<meta property=\"og:image:width\" content=\"1016\" \/>\n\t<meta property=\"og:image:height\" content=\"1016\" \/>\n\t<meta property=\"og:image:type\" content=\"image\/png\" \/>\n<meta name=\"twitter:card\" content=\"summary_large_image\" \/>\n<meta name=\"twitter:label1\" content=\"Est. reading time\" \/>\n\t<meta name=\"twitter:data1\" content=\"1 minute\" \/>\n<script type=\"application\/ld+json\" class=\"yoast-schema-graph\">{\"@context\":\"https:\/\/schema.org\",\"@graph\":[{\"@type\":\"WebPage\",\"@id\":\"https:\/\/globalskysim.com\/product\/skca-capurgana-xplane\/\",\"url\":\"https:\/\/globalskysim.com\/product\/skca-capurgana-xplane\/\",\"name\":\"SKCA - Capurgan\u00e1 - XPLANE - GlobalSky Simulation\",\"isPartOf\":{\"@id\":\"https:\/\/globalskysim.com\/#website\"},\"primaryImageOfPage\":{\"@id\":\"https:\/\/globalskysim.com\/product\/skca-capurgana-xplane\/#primaryimage\"},\"image\":{\"@id\":\"https:\/\/globalskysim.com\/product\/skca-capurgana-xplane\/#primaryimage\"},\"thumbnailUrl\":\"https:\/\/globalskysim.com\/wp-content\/uploads\/2023\/10\/skcax-1.png\",\"datePublished\":\"2023-10-13T05:25:00+00:00\",\"dateModified\":\"2024-11-15T08:44:39+00:00\",\"breadcrumb\":{\"@id\":\"https:\/\/globalskysim.com\/product\/skca-capurgana-xplane\/#breadcrumb\"},\"inLanguage\":\"en-US\",\"potentialAction\":[{\"@type\":\"ReadAction\",\"target\":[\"https:\/\/globalskysim.com\/product\/skca-capurgana-xplane\/\"]}]},{\"@type\":\"ImageObject\",\"inLanguage\":\"en-US\",\"@id\":\"https:\/\/globalskysim.com\/product\/skca-capurgana-xplane\/#primaryimage\",\"url\":\"https:\/\/globalskysim.com\/wp-content\/uploads\/2023\/10\/skcax-1.png\",\"contentUrl\":\"https:\/\/globalskysim.com\/wp-content\/uploads\/2023\/10\/skcax-1.png\",\"width\":1016,\"height\":1016},{\"@type\":\"BreadcrumbList\",\"@id\":\"https:\/\/globalskysim.com\/product\/skca-capurgana-xplane\/#breadcrumb\",\"itemListElement\":[{\"@type\":\"ListItem\",\"position\":1,\"name\":\"Home\",\"item\":\"https:\/\/globalskysim.com\/\"},{\"@type\":\"ListItem\",\"position\":2,\"name\":\"Tienda\",\"item\":\"https:\/\/globalskysim.com\/tienda\/\"},{\"@type\":\"ListItem\",\"position\":3,\"name\":\"SKCA &#8211; Capurgan\u00e1 &#8211; XPLANE\"}]},{\"@type\":\"WebSite\",\"@id\":\"https:\/\/globalskysim.com\/#website\",\"url\":\"https:\/\/globalskysim.com\/\",\"name\":\"GlobalSky Simulation\",\"description\":\"\u00bfBusca mejorar su experiencia en simuladores de vuelo? No busque m\u00e1s, ofrecemos soluciones elaboradas con altos estandares de calidad para plataformas populares como X-PLANE, Microsoft Flight Simulator y Lockheed Martin Prepar3D.\",\"publisher\":{\"@id\":\"https:\/\/globalskysim.com\/#organization\"},\"potentialAction\":[{\"@type\":\"SearchAction\",\"target\":{\"@type\":\"EntryPoint\",\"urlTemplate\":\"https:\/\/globalskysim.com\/?s={search_term_string}\"},\"query-input\":{\"@type\":\"PropertyValueSpecification\",\"valueRequired\":true,\"valueName\":\"search_term_string\"}}],\"inLanguage\":\"en-US\"},{\"@type\":\"Organization\",\"@id\":\"https:\/\/globalskysim.com\/#organization\",\"name\":\"GlobalSky Simulation\",\"url\":\"https:\/\/globalskysim.com\/\",\"logo\":{\"@type\":\"ImageObject\",\"inLanguage\":\"en-US\",\"@id\":\"https:\/\/globalskysim.com\/#\/schema\/logo\/image\/\",\"url\":\"https:\/\/globalskysim.com\/wp-content\/uploads\/2023\/07\/logo4.png\",\"contentUrl\":\"https:\/\/globalskysim.com\/wp-content\/uploads\/2023\/07\/logo4.png\",\"width\":3484,\"height\":1290,\"caption\":\"GlobalSky Simulation\"},\"image\":{\"@id\":\"https:\/\/globalskysim.com\/#\/schema\/logo\/image\/\"},\"sameAs\":[\"https:\/\/facebook.com\/globalskysim\",\"https:\/\/instagram.com\/globalskysim\",\"https:\/\/www.youtube.com\/channel\/UCFH8_iSkJSyi_PF_8NqKLZw\"]}]}<\/script>\n<!-- \/ Yoast SEO plugin. -->","yoast_head_json":{"title":"SKCA - Capurgan\u00e1 - XPLANE - GlobalSky Simulation","robots":{"index":"index","follow":"follow","max-snippet":"max-snippet:-1","max-image-preview":"max-image-preview:large","max-video-preview":"max-video-preview:-1"},"canonical":"https:\/\/globalskysim.com\/en\/product\/skca-capurgana-xplane\/","og_locale":"en_US","og_type":"article","og_title":"SKCA - Capurgan\u00e1 - XPLANE - GlobalSky Simulation","og_description":"El aeropuerto m\u00e1s dificil de Colombia.  Incluye:  -Modelos 3D Realistas y optimizados -Texturas PBR 2K y 4K -Paisaje Fotoreal -Autogen  No incluye: SFD Global (Recomendado)","og_url":"https:\/\/globalskysim.com\/en\/product\/skca-capurgana-xplane\/","og_site_name":"GlobalSky Simulation","article_publisher":"https:\/\/facebook.com\/globalskysim","article_modified_time":"2024-11-15T08:44:39+00:00","og_image":[{"width":1016,"height":1016,"url":"https:\/\/globalskysim.com\/wp-content\/uploads\/2023\/10\/skcax-1.png","type":"image\/png"}],"twitter_card":"summary_large_image","twitter_misc":{"Est. reading time":"1 minute"},"schema":{"@context":"https:\/\/schema.org","@graph":[{"@type":"WebPage","@id":"https:\/\/globalskysim.com\/product\/skca-capurgana-xplane\/","url":"https:\/\/globalskysim.com\/product\/skca-capurgana-xplane\/","name":"SKCA - Capurgan\u00e1 - XPLANE - GlobalSky Simulation","isPartOf":{"@id":"https:\/\/globalskysim.com\/#website"},"primaryImageOfPage":{"@id":"https:\/\/globalskysim.com\/product\/skca-capurgana-xplane\/#primaryimage"},"image":{"@id":"https:\/\/globalskysim.com\/product\/skca-capurgana-xplane\/#primaryimage"},"thumbnailUrl":"https:\/\/globalskysim.com\/wp-content\/uploads\/2023\/10\/skcax-1.png","datePublished":"2023-10-13T05:25:00+00:00","dateModified":"2024-11-15T08:44:39+00:00","breadcrumb":{"@id":"https:\/\/globalskysim.com\/product\/skca-capurgana-xplane\/#breadcrumb"},"inLanguage":"en-US","potentialAction":[{"@type":"ReadAction","target":["https:\/\/globalskysim.com\/product\/skca-capurgana-xplane\/"]}]},{"@type":"ImageObject","inLanguage":"en-US","@id":"https:\/\/globalskysim.com\/product\/skca-capurgana-xplane\/#primaryimage","url":"https:\/\/globalskysim.com\/wp-content\/uploads\/2023\/10\/skcax-1.png","contentUrl":"https:\/\/globalskysim.com\/wp-content\/uploads\/2023\/10\/skcax-1.png","width":1016,"height":1016},{"@type":"BreadcrumbList","@id":"https:\/\/globalskysim.com\/product\/skca-capurgana-xplane\/#breadcrumb","itemListElement":[{"@type":"ListItem","position":1,"name":"Home","item":"https:\/\/globalskysim.com\/"},{"@type":"ListItem","position":2,"name":"Tienda","item":"https:\/\/globalskysim.com\/tienda\/"},{"@type":"ListItem","position":3,"name":"SKCA &#8211; Capurgan\u00e1 &#8211; XPLANE"}]},{"@type":"WebSite","@id":"https:\/\/globalskysim.com\/#website","url":"https:\/\/globalskysim.com\/","name":"GlobalSky Simulation","description":"Looking to enhance your flight simulator experience? Look no further, we offer solutions built with high quality standards for popular platforms such as X-PLANE, Microsoft Flight Simulator and Lockheed Martin Prepar3D.","publisher":{"@id":"https:\/\/globalskysim.com\/#organization"},"potentialAction":[{"@type":"SearchAction","target":{"@type":"EntryPoint","urlTemplate":"https:\/\/globalskysim.com\/?s={search_term_string}"},"query-input":{"@type":"PropertyValueSpecification","valueRequired":true,"valueName":"search_term_string"}}],"inLanguage":"en-US"},{"@type":"Organization","@id":"https:\/\/globalskysim.com\/#organization","name":"GlobalSky Simulation","url":"https:\/\/globalskysim.com\/","logo":{"@type":"ImageObject","inLanguage":"en-US","@id":"https:\/\/globalskysim.com\/#\/schema\/logo\/image\/","url":"https:\/\/globalskysim.com\/wp-content\/uploads\/2023\/07\/logo4.png","contentUrl":"https:\/\/globalskysim.com\/wp-content\/uploads\/2023\/07\/logo4.png","width":3484,"height":1290,"caption":"GlobalSky Simulation"},"image":{"@id":"https:\/\/globalskysim.com\/#\/schema\/logo\/image\/"},"sameAs":["https:\/\/facebook.com\/globalskysim","https:\/\/instagram.com\/globalskysim","https:\/\/www.youtube.com\/channel\/UCFH8_iSkJSyi_PF_8NqKLZw"]}]}},"_links":{"self":[{"href":"https:\/\/globalskysim.com\/en\/wp-json\/wp\/v2\/product\/2769"}],"collection":[{"href":"https:\/\/globalskysim.com\/en\/wp-json\/wp\/v2\/product"}],"about":[{"href":"https:\/\/globalskysim.com\/en\/wp-json\/wp\/v2\/types\/product"}],"replies":[{"embeddable":true,"href":"https:\/\/globalskysim.com\/en\/wp-json\/wp\/v2\/comments?post=2769"}],"wp:featuredmedia":[{"embeddable":true,"href":"https:\/\/globalskysim.com\/en\/wp-json\/wp\/v2\/media\/2938"}],"wp:attachment":[{"href":"https:\/\/globalskysim.com\/en\/wp-json\/wp\/v2\/media?parent=2769"}],"wp:term":[{"taxonomy":"product_brand","embeddable":true,"href":"https:\/\/globalskysim.com\/en\/wp-json\/wp\/v2\/product_brand?post=2769"},{"taxonomy":"product_cat","embeddable":true,"href":"https:\/\/globalskysim.com\/en\/wp-json\/wp\/v2\/product_cat?post=2769"},{"taxonomy":"product_tag","embeddable":true,"href":"https:\/\/globalskysim.com\/en\/wp-json\/wp\/v2\/product_tag?post=2769"}],"curies":[{"name":"wp","href":"https:\/\/api.w.org\/{rel}","templated":true}]}}