{"id":409,"date":"2020-07-25T06:07:03","date_gmt":"2020-07-25T11:07:03","guid":{"rendered":"http:\/\/globalskysim.com\/?post_type=product&#038;p=409"},"modified":"2025-07-25T22:05:26","modified_gmt":"2025-07-26T03:05:26","slug":"pack-de-lanzamiento-2","status":"publish","type":"product","link":"https:\/\/globalskysim.com\/en\/product\/pack-de-lanzamiento-2\/","title":{"rendered":"Pack de lanzamiento 2"},"content":{"rendered":"","protected":false},"excerpt":{"rendered":"<p>Paquete que incluye 10 zonas de Colombia elaboradas mediante im\u00e1genes satelitales de alta resoluci\u00f3n y corregidas con una t\u00e9cnica especial de postproducci\u00f3n. vivir\u00e1s la experiencia en xplane m\u00e1s real que nunca.<\/p>\n<h3>Including zones:<\/h3>\n<p>1. Monter\u00eda. 1.91GB<br \/>\n2. Popay\u00e1n. 2.38GB<br \/>\n3. C\u00facuta. 2.48GB<br \/>\n4. Leticia. 1.73GB<br \/>\n5. Puerto Salgar &#8211; Mariquita. 1.95GB<br \/>\n6. Valledupar. 1.45GB<br \/>\n7. Riohacha &#8211; La Mina. 1.30GB<br \/>\n8. Sincelejo-Corozal-Tol\u00fa-Cove\u00f1as. 1.50GB<br \/>\n9. Neiva 2.05GB<br \/>\n10. Minas del Cesar 1.50GB<\/p>\n<p>Note: Airports are not included.<\/p>","protected":false},"featured_media":1180,"comment_status":"open","ping_status":"closed","template":"","meta":{"_et_pb_use_builder":"","_et_pb_old_content":"","_et_gb_content_width":""},"product_brand":[],"product_cat":[42,40],"product_tag":[19,31,30,27],"class_list":{"0":"post-409","1":"product","2":"type-product","3":"status-publish","4":"has-post-thumbnail","6":"product_cat-orthophotos-xplane","7":"product_cat-xplane","8":"product_tag-fotoreal","9":"product_tag-ortho","10":"product_tag-pack","11":"product_tag-xplane","13":"first","14":"instock","15":"downloadable","16":"shipping-taxable","17":"purchasable","18":"product-type-simple"},"yoast_head":"<!-- This site is optimized with the Yoast SEO plugin v25.5 - https:\/\/yoast.com\/wordpress\/plugins\/seo\/ -->\n<title>Pack de lanzamiento 2 - GlobalSky Simulation<\/title>\n<meta name=\"description\" content=\"Paquete que incluye 10 zonas de Colombia elaboradas mediante im\u00e1genes satelitales de alta resoluci\u00f3n y corregidas con una t\u00e9cnica especial de postproducci\u00f3n. vivir\u00e1s la experiencia en xplane m\u00e1s real que nunca.\" \/>\n<meta name=\"robots\" content=\"index, follow, max-snippet:-1, max-image-preview:large, max-video-preview:-1\" \/>\n<link rel=\"canonical\" href=\"https:\/\/globalskysim.com\/en\/product\/pack-de-lanzamiento-2\/\" \/>\n<meta property=\"og:locale\" content=\"en_US\" \/>\n<meta property=\"og:type\" content=\"article\" \/>\n<meta property=\"og:title\" content=\"Pack de lanzamiento 2 - GlobalSky Simulation\" \/>\n<meta property=\"og:description\" content=\"Paquete que incluye 10 zonas de Colombia elaboradas mediante im\u00e1genes satelitales de alta resoluci\u00f3n y corregidas con una t\u00e9cnica especial de postproducci\u00f3n. vivir\u00e1s la experiencia en xplane m\u00e1s real que nunca.\" \/>\n<meta property=\"og:url\" content=\"https:\/\/globalskysim.com\/en\/product\/pack-de-lanzamiento-2\/\" \/>\n<meta property=\"og:site_name\" content=\"GlobalSky Simulation\" \/>\n<meta property=\"article:publisher\" content=\"https:\/\/facebook.com\/globalskysim\" \/>\n<meta property=\"article:modified_time\" content=\"2025-07-26T03:05:26+00:00\" \/>\n<meta property=\"og:image\" content=\"https:\/\/globalskysim.com\/wp-content\/uploads\/2023\/03\/2.png\" \/>\n\t<meta property=\"og:image:width\" content=\"1016\" \/>\n\t<meta property=\"og:image:height\" content=\"1016\" \/>\n\t<meta property=\"og:image:type\" content=\"image\/png\" \/>\n<meta name=\"twitter:card\" content=\"summary_large_image\" \/>\n<meta name=\"twitter:label1\" content=\"Est. reading time\" \/>\n\t<meta name=\"twitter:data1\" content=\"1 minute\" \/>\n<script type=\"application\/ld+json\" class=\"yoast-schema-graph\">{\"@context\":\"https:\/\/schema.org\",\"@graph\":[{\"@type\":\"WebPage\",\"@id\":\"https:\/\/globalskysim.com\/product\/pack-de-lanzamiento-2\/\",\"url\":\"https:\/\/globalskysim.com\/product\/pack-de-lanzamiento-2\/\",\"name\":\"Pack de lanzamiento 2 - GlobalSky Simulation\",\"isPartOf\":{\"@id\":\"https:\/\/globalskysim.com\/#website\"},\"primaryImageOfPage\":{\"@id\":\"https:\/\/globalskysim.com\/product\/pack-de-lanzamiento-2\/#primaryimage\"},\"image\":{\"@id\":\"https:\/\/globalskysim.com\/product\/pack-de-lanzamiento-2\/#primaryimage\"},\"thumbnailUrl\":\"https:\/\/globalskysim.com\/wp-content\/uploads\/2023\/03\/2.png\",\"datePublished\":\"2020-07-25T11:07:03+00:00\",\"dateModified\":\"2025-07-26T03:05:26+00:00\",\"description\":\"Paquete que incluye 10 zonas de Colombia elaboradas mediante im\u00e1genes satelitales de alta resoluci\u00f3n y corregidas con una t\u00e9cnica especial de postproducci\u00f3n. vivir\u00e1s la experiencia en xplane m\u00e1s real que nunca.\",\"breadcrumb\":{\"@id\":\"https:\/\/globalskysim.com\/product\/pack-de-lanzamiento-2\/#breadcrumb\"},\"inLanguage\":\"en-US\",\"potentialAction\":[{\"@type\":\"ReadAction\",\"target\":[\"https:\/\/globalskysim.com\/product\/pack-de-lanzamiento-2\/\"]}]},{\"@type\":\"ImageObject\",\"inLanguage\":\"en-US\",\"@id\":\"https:\/\/globalskysim.com\/product\/pack-de-lanzamiento-2\/#primaryimage\",\"url\":\"https:\/\/globalskysim.com\/wp-content\/uploads\/2023\/03\/2.png\",\"contentUrl\":\"https:\/\/globalskysim.com\/wp-content\/uploads\/2023\/03\/2.png\",\"width\":1016,\"height\":1016},{\"@type\":\"BreadcrumbList\",\"@id\":\"https:\/\/globalskysim.com\/product\/pack-de-lanzamiento-2\/#breadcrumb\",\"itemListElement\":[{\"@type\":\"ListItem\",\"position\":1,\"name\":\"Home\",\"item\":\"https:\/\/globalskysim.com\/\"},{\"@type\":\"ListItem\",\"position\":2,\"name\":\"Tienda\",\"item\":\"https:\/\/globalskysim.com\/tienda\/\"},{\"@type\":\"ListItem\",\"position\":3,\"name\":\"Pack de lanzamiento 2\"}]},{\"@type\":\"WebSite\",\"@id\":\"https:\/\/globalskysim.com\/#website\",\"url\":\"https:\/\/globalskysim.com\/\",\"name\":\"GlobalSky Simulation\",\"description\":\"\u00bfBusca mejorar su experiencia en simuladores de vuelo? No busque m\u00e1s, ofrecemos soluciones elaboradas con altos estandares de calidad para plataformas populares como X-PLANE, Microsoft Flight Simulator y Lockheed Martin Prepar3D.\",\"publisher\":{\"@id\":\"https:\/\/globalskysim.com\/#organization\"},\"potentialAction\":[{\"@type\":\"SearchAction\",\"target\":{\"@type\":\"EntryPoint\",\"urlTemplate\":\"https:\/\/globalskysim.com\/?s={search_term_string}\"},\"query-input\":{\"@type\":\"PropertyValueSpecification\",\"valueRequired\":true,\"valueName\":\"search_term_string\"}}],\"inLanguage\":\"en-US\"},{\"@type\":\"Organization\",\"@id\":\"https:\/\/globalskysim.com\/#organization\",\"name\":\"GlobalSky Simulation\",\"url\":\"https:\/\/globalskysim.com\/\",\"logo\":{\"@type\":\"ImageObject\",\"inLanguage\":\"en-US\",\"@id\":\"https:\/\/globalskysim.com\/#\/schema\/logo\/image\/\",\"url\":\"https:\/\/globalskysim.com\/wp-content\/uploads\/2023\/07\/logo4.png\",\"contentUrl\":\"https:\/\/globalskysim.com\/wp-content\/uploads\/2023\/07\/logo4.png\",\"width\":3484,\"height\":1290,\"caption\":\"GlobalSky Simulation\"},\"image\":{\"@id\":\"https:\/\/globalskysim.com\/#\/schema\/logo\/image\/\"},\"sameAs\":[\"https:\/\/facebook.com\/globalskysim\",\"https:\/\/instagram.com\/globalskysim\",\"https:\/\/www.youtube.com\/channel\/UCFH8_iSkJSyi_PF_8NqKLZw\"]}]}<\/script>\n<!-- \/ Yoast SEO plugin. -->","yoast_head_json":{"title":"Pack de lanzamiento 2 - GlobalSky Simulation","description":"Paquete que incluye 10 zonas de Colombia elaboradas mediante im\u00e1genes satelitales de alta resoluci\u00f3n y corregidas con una t\u00e9cnica especial de postproducci\u00f3n. vivir\u00e1s la experiencia en xplane m\u00e1s real que nunca.","robots":{"index":"index","follow":"follow","max-snippet":"max-snippet:-1","max-image-preview":"max-image-preview:large","max-video-preview":"max-video-preview:-1"},"canonical":"https:\/\/globalskysim.com\/en\/product\/pack-de-lanzamiento-2\/","og_locale":"en_US","og_type":"article","og_title":"Pack de lanzamiento 2 - GlobalSky Simulation","og_description":"Paquete que incluye 10 zonas de Colombia elaboradas mediante im\u00e1genes satelitales de alta resoluci\u00f3n y corregidas con una t\u00e9cnica especial de postproducci\u00f3n. vivir\u00e1s la experiencia en xplane m\u00e1s real que nunca.","og_url":"https:\/\/globalskysim.com\/en\/product\/pack-de-lanzamiento-2\/","og_site_name":"GlobalSky Simulation","article_publisher":"https:\/\/facebook.com\/globalskysim","article_modified_time":"2025-07-26T03:05:26+00:00","og_image":[{"width":1016,"height":1016,"url":"https:\/\/globalskysim.com\/wp-content\/uploads\/2023\/03\/2.png","type":"image\/png"}],"twitter_card":"summary_large_image","twitter_misc":{"Est. reading time":"1 minute"},"schema":{"@context":"https:\/\/schema.org","@graph":[{"@type":"WebPage","@id":"https:\/\/globalskysim.com\/product\/pack-de-lanzamiento-2\/","url":"https:\/\/globalskysim.com\/product\/pack-de-lanzamiento-2\/","name":"Pack de lanzamiento 2 - GlobalSky Simulation","isPartOf":{"@id":"https:\/\/globalskysim.com\/#website"},"primaryImageOfPage":{"@id":"https:\/\/globalskysim.com\/product\/pack-de-lanzamiento-2\/#primaryimage"},"image":{"@id":"https:\/\/globalskysim.com\/product\/pack-de-lanzamiento-2\/#primaryimage"},"thumbnailUrl":"https:\/\/globalskysim.com\/wp-content\/uploads\/2023\/03\/2.png","datePublished":"2020-07-25T11:07:03+00:00","dateModified":"2025-07-26T03:05:26+00:00","description":"Paquete que incluye 10 zonas de Colombia elaboradas mediante im\u00e1genes satelitales de alta resoluci\u00f3n y corregidas con una t\u00e9cnica especial de postproducci\u00f3n. vivir\u00e1s la experiencia en xplane m\u00e1s real que nunca.","breadcrumb":{"@id":"https:\/\/globalskysim.com\/product\/pack-de-lanzamiento-2\/#breadcrumb"},"inLanguage":"en-US","potentialAction":[{"@type":"ReadAction","target":["https:\/\/globalskysim.com\/product\/pack-de-lanzamiento-2\/"]}]},{"@type":"ImageObject","inLanguage":"en-US","@id":"https:\/\/globalskysim.com\/product\/pack-de-lanzamiento-2\/#primaryimage","url":"https:\/\/globalskysim.com\/wp-content\/uploads\/2023\/03\/2.png","contentUrl":"https:\/\/globalskysim.com\/wp-content\/uploads\/2023\/03\/2.png","width":1016,"height":1016},{"@type":"BreadcrumbList","@id":"https:\/\/globalskysim.com\/product\/pack-de-lanzamiento-2\/#breadcrumb","itemListElement":[{"@type":"ListItem","position":1,"name":"Home","item":"https:\/\/globalskysim.com\/"},{"@type":"ListItem","position":2,"name":"Tienda","item":"https:\/\/globalskysim.com\/tienda\/"},{"@type":"ListItem","position":3,"name":"Pack de lanzamiento 2"}]},{"@type":"WebSite","@id":"https:\/\/globalskysim.com\/#website","url":"https:\/\/globalskysim.com\/","name":"GlobalSky Simulation","description":"Looking to enhance your flight simulator experience? Look no further, we offer solutions built with high quality standards for popular platforms such as X-PLANE, Microsoft Flight Simulator and Lockheed Martin Prepar3D.","publisher":{"@id":"https:\/\/globalskysim.com\/#organization"},"potentialAction":[{"@type":"SearchAction","target":{"@type":"EntryPoint","urlTemplate":"https:\/\/globalskysim.com\/?s={search_term_string}"},"query-input":{"@type":"PropertyValueSpecification","valueRequired":true,"valueName":"search_term_string"}}],"inLanguage":"en-US"},{"@type":"Organization","@id":"https:\/\/globalskysim.com\/#organization","name":"GlobalSky Simulation","url":"https:\/\/globalskysim.com\/","logo":{"@type":"ImageObject","inLanguage":"en-US","@id":"https:\/\/globalskysim.com\/#\/schema\/logo\/image\/","url":"https:\/\/globalskysim.com\/wp-content\/uploads\/2023\/07\/logo4.png","contentUrl":"https:\/\/globalskysim.com\/wp-content\/uploads\/2023\/07\/logo4.png","width":3484,"height":1290,"caption":"GlobalSky Simulation"},"image":{"@id":"https:\/\/globalskysim.com\/#\/schema\/logo\/image\/"},"sameAs":["https:\/\/facebook.com\/globalskysim","https:\/\/instagram.com\/globalskysim","https:\/\/www.youtube.com\/channel\/UCFH8_iSkJSyi_PF_8NqKLZw"]}]}},"_links":{"self":[{"href":"https:\/\/globalskysim.com\/en\/wp-json\/wp\/v2\/product\/409"}],"collection":[{"href":"https:\/\/globalskysim.com\/en\/wp-json\/wp\/v2\/product"}],"about":[{"href":"https:\/\/globalskysim.com\/en\/wp-json\/wp\/v2\/types\/product"}],"replies":[{"embeddable":true,"href":"https:\/\/globalskysim.com\/en\/wp-json\/wp\/v2\/comments?post=409"}],"wp:featuredmedia":[{"embeddable":true,"href":"https:\/\/globalskysim.com\/en\/wp-json\/wp\/v2\/media\/1180"}],"wp:attachment":[{"href":"https:\/\/globalskysim.com\/en\/wp-json\/wp\/v2\/media?parent=409"}],"wp:term":[{"taxonomy":"product_brand","embeddable":true,"href":"https:\/\/globalskysim.com\/en\/wp-json\/wp\/v2\/product_brand?post=409"},{"taxonomy":"product_cat","embeddable":true,"href":"https:\/\/globalskysim.com\/en\/wp-json\/wp\/v2\/product_cat?post=409"},{"taxonomy":"product_tag","embeddable":true,"href":"https:\/\/globalskysim.com\/en\/wp-json\/wp\/v2\/product_tag?post=409"}],"curies":[{"name":"wp","href":"https:\/\/api.w.org\/{rel}","templated":true}]}}